{"id":3724,"date":"2026-01-30T14:40:45","date_gmt":"2026-01-30T14:40:45","guid":{"rendered":"https:\/\/solosonimport.com\/?page_id=3724"},"modified":"2026-01-30T23:34:19","modified_gmt":"2026-01-30T23:34:19","slug":"catalogo-agricola","status":"publish","type":"page","link":"https:\/\/solosonimport.com\/index.php\/catalogo-agricola\/","title":{"rendered":"Catalogo Agricola"},"content":{"rendered":"\t\t<div data-elementor-type=\"wp-page\" data-elementor-id=\"3724\" class=\"elementor elementor-3724\" data-elementor-post-type=\"page\">\n\t\t\t\t\t\t<section class=\"elementor-section elementor-top-section elementor-element elementor-element-f33799d elementor-section-full_width elementor-section-height-default elementor-section-height-default\" data-id=\"f33799d\" data-element_type=\"section\" data-settings=\"{&quot;background_background&quot;:&quot;classic&quot;}\">\n\t\t\t\t\t\t<div class=\"elementor-container elementor-column-gap-default\">\n\t\t\t\t\t<div class=\"elementor-column elementor-col-100 elementor-top-column elementor-element elementor-element-f9e3d6f\" data-id=\"f9e3d6f\" data-element_type=\"column\" data-settings=\"{&quot;background_background&quot;:&quot;classic&quot;}\">\n\t\t\t<div class=\"elementor-widget-wrap elementor-element-populated\">\n\t\t\t\t\t\t<div class=\"elementor-element elementor-element-2017b8b elementor-pagination-position-outside elementor-widget__width-inherit elementor--h-position-center elementor--v-position-middle elementor-widget elementor-widget-slides\" data-id=\"2017b8b\" data-element_type=\"widget\" data-settings=\"{&quot;navigation&quot;:&quot;dots&quot;,&quot;infinite&quot;:&quot;yes&quot;,&quot;transition&quot;:&quot;slide&quot;,&quot;transition_speed&quot;:500}\" data-widget_type=\"slides.default\">\n\t\t\t\t<div class=\"elementor-widget-container\">\n\t\t\t\t\t\t\t<div class=\"elementor-swiper\">\n\t\t\t<div class=\"elementor-slides-wrapper elementor-main-swiper swiper-container\" dir=\"ltr\" data-animation=\"fadeInUp\">\n\t\t\t\t<div class=\"swiper-wrapper elementor-slides\">\n\t\t\t\t\t\t\t\t\t\t<div class=\"elementor-repeater-item-5aa9ec9 swiper-slide\"><div class=\"swiper-slide-bg\" role=\"img\"><\/div><div class=\"swiper-slide-inner\" ><div class=\"swiper-slide-contents\"><\/div><\/div><\/div>\t\t\t\t<\/div>\n\t\t\t\t\t\t\t<\/div>\n\t\t<\/div>\n\t\t\t\t\t\t<\/div>\n\t\t\t\t<\/div>\n\t\t\t\t\t<\/div>\n\t\t<\/div>\n\t\t\t\t\t<\/div>\n\t\t<\/section>\n\t\t\t\t<section class=\"elementor-section elementor-top-section elementor-element elementor-element-ed85373 elementor-section-boxed elementor-section-height-default elementor-section-height-default\" data-id=\"ed85373\" data-element_type=\"section\">\n\t\t\t\t\t\t<div class=\"elementor-container elementor-column-gap-default\">\n\t\t\t\t\t<div class=\"elementor-column elementor-col-100 elementor-top-column elementor-element elementor-element-9876196\" data-id=\"9876196\" data-element_type=\"column\">\n\t\t\t<div class=\"elementor-widget-wrap elementor-element-populated\">\n\t\t\t\t\t\t<div class=\"elementor-element elementor-element-632f871 elementor-widget elementor-widget-heading\" data-id=\"632f871\" data-element_type=\"widget\" data-widget_type=\"heading.default\">\n\t\t\t\t<div class=\"elementor-widget-container\">\n\t\t\t\t\t<h2 class=\"elementor-heading-title elementor-size-default\">Cat\u00e1logo agr\u00edcola<\/h2>\t\t\t\t<\/div>\n\t\t\t\t<\/div>\n\t\t\t\t\t<\/div>\n\t\t<\/div>\n\t\t\t\t\t<\/div>\n\t\t<\/section>\n\t\t\t\t<section class=\"elementor-section elementor-top-section elementor-element elementor-element-ad1523c catalog-card-container elementor-section-boxed elementor-section-height-default elementor-section-height-default\" data-id=\"ad1523c\" data-element_type=\"section\">\n\t\t\t\t\t\t<div class=\"elementor-container elementor-column-gap-default\">\n\t\t\t\t\t<div class=\"elementor-column elementor-col-25 elementor-top-column elementor-element elementor-element-62d33ae catalog-column-card\" data-id=\"62d33ae\" data-element_type=\"column\">\n\t\t\t<div class=\"elementor-widget-wrap elementor-element-populated\">\n\t\t\t\t\t\t<div class=\"elementor-element elementor-element-b09f7a5 elementor-widget-tablet__width-initial elementor-cta--skin-classic elementor-animated-content elementor-widget elementor-widget-call-to-action\" data-id=\"b09f7a5\" data-element_type=\"widget\" data-widget_type=\"call-to-action.default\">\n\t\t\t\t<div class=\"elementor-widget-container\">\n\t\t\t\t\t\t\t<div class=\"elementor-cta\">\n\t\t\t\t\t<div class=\"elementor-cta__bg-wrapper\">\n\t\t\t\t<div class=\"elementor-cta__bg elementor-bg\" style=\"background-image: url(https:\/\/solosonimport.com\/wp-content\/uploads\/2026\/01\/PORTADAS-18-791x1024.webp);\" role=\"img\" aria-label=\"PORTADAS-18\"><\/div>\n\t\t\t\t<div class=\"elementor-cta__bg-overlay\"><\/div>\n\t\t\t<\/div>\n\t\t\t\t\t\t\t<div class=\"elementor-cta__content\">\n\t\t\t\t\n\t\t\t\t\t\t\t\t\t<h2 class=\"elementor-cta__title elementor-cta__content-item elementor-content-item\">\n\t\t\t\t\t\tPINTURAS SOLPAINT\t\t\t\t\t<\/h2>\n\t\t\t\t\n\t\t\t\t\n\t\t\t\t\t\t\t\t\t<div class=\"elementor-cta__button-wrapper elementor-cta__content-item elementor-content-item \">\n\t\t\t\t\t<a class=\"elementor-cta__button elementor-button elementor-size-\" href=\"https:\/\/drive.google.com\/file\/d\/1OGmpEpB9Tb5_n8wb-n79DHgehADUbk7U\/view?usp=sharing\">\n\t\t\t\t\t\tDescarga nuestro cat\u00e1logo\t\t\t\t\t<\/a>\n\t\t\t\t\t<\/div>\n\t\t\t\t\t\t\t<\/div>\n\t\t\t\t\t\t<\/div>\n\t\t\t\t\t\t<\/div>\n\t\t\t\t<\/div>\n\t\t\t\t\t<\/div>\n\t\t<\/div>\n\t\t\t\t<div class=\"elementor-column elementor-col-25 elementor-top-column elementor-element elementor-element-7daf866 catalog-column-card\" data-id=\"7daf866\" data-element_type=\"column\">\n\t\t\t<div class=\"elementor-widget-wrap elementor-element-populated\">\n\t\t\t\t\t\t<div class=\"elementor-element elementor-element-70ac1eb elementor-widget-tablet__width-initial elementor-cta--skin-classic elementor-animated-content elementor-widget elementor-widget-call-to-action\" data-id=\"70ac1eb\" data-element_type=\"widget\" data-widget_type=\"call-to-action.default\">\n\t\t\t\t<div class=\"elementor-widget-container\">\n\t\t\t\t\t\t\t<div class=\"elementor-cta\">\n\t\t\t\t\t<div class=\"elementor-cta__bg-wrapper\">\n\t\t\t\t<div class=\"elementor-cta__bg elementor-bg\" style=\"background-image: url(https:\/\/solosonimport.com\/wp-content\/uploads\/2026\/01\/PORTADAS-14-791x1024.webp);\" role=\"img\" aria-label=\"PORTADAS-14\"><\/div>\n\t\t\t\t<div class=\"elementor-cta__bg-overlay\"><\/div>\n\t\t\t<\/div>\n\t\t\t\t\t\t\t<div class=\"elementor-cta__content\">\n\t\t\t\t\n\t\t\t\t\t\t\t\t\t<h2 class=\"elementor-cta__title elementor-cta__content-item elementor-content-item\">\n\t\t\t\t\t\tEQUIPOS SOLPOWER\t\t\t\t\t<\/h2>\n\t\t\t\t\n\t\t\t\t\n\t\t\t\t\t\t\t\t\t<div class=\"elementor-cta__button-wrapper elementor-cta__content-item elementor-content-item \">\n\t\t\t\t\t<a class=\"elementor-cta__button elementor-button elementor-size-\" href=\"https:\/\/drive.google.com\/file\/d\/1XoLQSkttVtLDsN89Eoxfl8y9RVJd2lf0\/view?usp=sharing%20\">\n\t\t\t\t\t\tDescarga nuestro cat\u00e1logo\t\t\t\t\t<\/a>\n\t\t\t\t\t<\/div>\n\t\t\t\t\t\t\t<\/div>\n\t\t\t\t\t\t<\/div>\n\t\t\t\t\t\t<\/div>\n\t\t\t\t<\/div>\n\t\t\t\t\t<\/div>\n\t\t<\/div>\n\t\t\t\t<div class=\"elementor-column elementor-col-25 elementor-top-column elementor-element elementor-element-79686ed catalog-column-card\" data-id=\"79686ed\" data-element_type=\"column\" data-settings=\"{&quot;background_background&quot;:&quot;classic&quot;}\">\n\t\t\t<div class=\"elementor-widget-wrap elementor-element-populated\">\n\t\t\t\t\t\t<div class=\"elementor-element elementor-element-a96aed6 elementor-widget-tablet__width-initial elementor-cta--skin-classic elementor-animated-content elementor-widget elementor-widget-call-to-action\" data-id=\"a96aed6\" data-element_type=\"widget\" data-widget_type=\"call-to-action.default\">\n\t\t\t\t<div class=\"elementor-widget-container\">\n\t\t\t\t\t\t\t<div class=\"elementor-cta\">\n\t\t\t\t\t<div class=\"elementor-cta__bg-wrapper\">\n\t\t\t\t<div class=\"elementor-cta__bg elementor-bg\" style=\"background-image: url(https:\/\/solosonimport.com\/wp-content\/uploads\/2026\/01\/PORTADAS-15-791x1024.webp);\" role=\"img\" aria-label=\"PORTADAS-15\"><\/div>\n\t\t\t\t<div class=\"elementor-cta__bg-overlay\"><\/div>\n\t\t\t<\/div>\n\t\t\t\t\t\t\t<div class=\"elementor-cta__content\">\n\t\t\t\t\n\t\t\t\t\t\t\t\t\t<h2 class=\"elementor-cta__title elementor-cta__content-item elementor-content-item\">\n\t\t\t\t\t\tLUMINARIA SOLPOWER\t\t\t\t\t<\/h2>\n\t\t\t\t\n\t\t\t\t\n\t\t\t\t\t\t\t\t\t<div class=\"elementor-cta__button-wrapper elementor-cta__content-item elementor-content-item \">\n\t\t\t\t\t<a class=\"elementor-cta__button elementor-button elementor-size-\" href=\"https:\/\/drive.google.com\/file\/d\/1nhOnkshXKaCwNtxBLwsvUmuzc23e3W9M\/view?usp=sharing%20\">\n\t\t\t\t\t\tDescarga nuestro cat\u00e1logo\t\t\t\t\t<\/a>\n\t\t\t\t\t<\/div>\n\t\t\t\t\t\t\t<\/div>\n\t\t\t\t\t\t<\/div>\n\t\t\t\t\t\t<\/div>\n\t\t\t\t<\/div>\n\t\t\t\t\t<\/div>\n\t\t<\/div>\n\t\t\t\t<div class=\"elementor-column elementor-col-25 elementor-top-column elementor-element elementor-element-e5b25d3 catalog-column-card\" data-id=\"e5b25d3\" data-element_type=\"column\">\n\t\t\t<div class=\"elementor-widget-wrap\">\n\t\t\t\t\t\t\t<\/div>\n\t\t<\/div>\n\t\t\t\t\t<\/div>\n\t\t<\/section>\n\t\t\t\t<\/div>\n\t\t","protected":false},"excerpt":{"rendered":"<p>Cat\u00e1logo agr\u00edcola PINTURAS SOLPAINT Descarga nuestro cat\u00e1logo EQUIPOS SOLPOWER Descarga nuestro cat\u00e1logo LUMINARIA SOLPOWER Descarga nuestro cat\u00e1logo<\/p>\n","protected":false},"author":1,"featured_media":0,"parent":0,"menu_order":0,"comment_status":"closed","ping_status":"closed","template":"elementor_header_footer","meta":{"footnotes":""},"class_list":["post-3724","page","type-page","status-publish","hentry"],"yoast_head":"<!-- This site is optimized with the Yoast SEO plugin v23.9 - https:\/\/yoast.com\/wordpress\/plugins\/seo\/ -->\n<title>Catalogo Agricola - Soloson Import<\/title>\n<meta name=\"robots\" content=\"index, follow, max-snippet:-1, max-image-preview:large, max-video-preview:-1\" \/>\n<link rel=\"canonical\" href=\"https:\/\/solosonimport.com\/index.php\/catalogo-agricola\/\" \/>\n<meta property=\"og:locale\" content=\"es_ES\" \/>\n<meta property=\"og:type\" content=\"article\" \/>\n<meta property=\"og:title\" content=\"Catalogo Agricola - Soloson Import\" \/>\n<meta property=\"og:description\" content=\"Cat\u00e1logo agr\u00edcola PINTURAS SOLPAINT Descarga nuestro cat\u00e1logo EQUIPOS SOLPOWER Descarga nuestro cat\u00e1logo LUMINARIA SOLPOWER Descarga nuestro cat\u00e1logo\" \/>\n<meta property=\"og:url\" content=\"https:\/\/solosonimport.com\/index.php\/catalogo-agricola\/\" \/>\n<meta property=\"og:site_name\" content=\"Soloson Import\" \/>\n<meta property=\"article:modified_time\" content=\"2026-01-30T23:34:19+00:00\" \/>\n<meta name=\"twitter:card\" content=\"summary_large_image\" \/>\n<meta name=\"twitter:label1\" content=\"Tiempo estimado de lectura\" \/>\n\t<meta name=\"twitter:data1\" content=\"1 minuto\" \/>\n<script type=\"application\/ld+json\" class=\"yoast-schema-graph\">{\"@context\":\"https:\/\/schema.org\",\"@graph\":[{\"@type\":\"WebPage\",\"@id\":\"https:\/\/solosonimport.com\/index.php\/catalogo-agricola\/\",\"url\":\"https:\/\/solosonimport.com\/index.php\/catalogo-agricola\/\",\"name\":\"Catalogo Agricola - Soloson Import\",\"isPartOf\":{\"@id\":\"https:\/\/solosonimport.com\/#website\"},\"datePublished\":\"2026-01-30T14:40:45+00:00\",\"dateModified\":\"2026-01-30T23:34:19+00:00\",\"breadcrumb\":{\"@id\":\"https:\/\/solosonimport.com\/index.php\/catalogo-agricola\/#breadcrumb\"},\"inLanguage\":\"es\",\"potentialAction\":[{\"@type\":\"ReadAction\",\"target\":[\"https:\/\/solosonimport.com\/index.php\/catalogo-agricola\/\"]}]},{\"@type\":\"BreadcrumbList\",\"@id\":\"https:\/\/solosonimport.com\/index.php\/catalogo-agricola\/#breadcrumb\",\"itemListElement\":[{\"@type\":\"ListItem\",\"position\":1,\"name\":\"Portada\",\"item\":\"https:\/\/solosonimport.com\/\"},{\"@type\":\"ListItem\",\"position\":2,\"name\":\"Catalogo Agricola\"}]},{\"@type\":\"WebSite\",\"@id\":\"https:\/\/solosonimport.com\/#website\",\"url\":\"https:\/\/solosonimport.com\/\",\"name\":\"Soloson Import\",\"description\":\"\",\"publisher\":{\"@id\":\"https:\/\/solosonimport.com\/#organization\"},\"potentialAction\":[{\"@type\":\"SearchAction\",\"target\":{\"@type\":\"EntryPoint\",\"urlTemplate\":\"https:\/\/solosonimport.com\/?s={search_term_string}\"},\"query-input\":{\"@type\":\"PropertyValueSpecification\",\"valueRequired\":true,\"valueName\":\"search_term_string\"}}],\"inLanguage\":\"es\"},{\"@type\":\"Organization\",\"@id\":\"https:\/\/solosonimport.com\/#organization\",\"name\":\"Soloson Import\",\"url\":\"https:\/\/solosonimport.com\/\",\"logo\":{\"@type\":\"ImageObject\",\"inLanguage\":\"es\",\"@id\":\"https:\/\/solosonimport.com\/#\/schema\/logo\/image\/\",\"url\":\"https:\/\/solosonimport.com\/wp-content\/uploads\/2026\/01\/SOLOSON-scaled.webp\",\"contentUrl\":\"https:\/\/solosonimport.com\/wp-content\/uploads\/2026\/01\/SOLOSON-scaled.webp\",\"width\":2560,\"height\":1152,\"caption\":\"Soloson Import\"},\"image\":{\"@id\":\"https:\/\/solosonimport.com\/#\/schema\/logo\/image\/\"}}]}<\/script>\n<!-- \/ Yoast SEO plugin. -->","yoast_head_json":{"title":"Catalogo Agricola - Soloson Import","robots":{"index":"index","follow":"follow","max-snippet":"max-snippet:-1","max-image-preview":"max-image-preview:large","max-video-preview":"max-video-preview:-1"},"canonical":"https:\/\/solosonimport.com\/index.php\/catalogo-agricola\/","og_locale":"es_ES","og_type":"article","og_title":"Catalogo Agricola - Soloson Import","og_description":"Cat\u00e1logo agr\u00edcola PINTURAS SOLPAINT Descarga nuestro cat\u00e1logo EQUIPOS SOLPOWER Descarga nuestro cat\u00e1logo LUMINARIA SOLPOWER Descarga nuestro cat\u00e1logo","og_url":"https:\/\/solosonimport.com\/index.php\/catalogo-agricola\/","og_site_name":"Soloson Import","article_modified_time":"2026-01-30T23:34:19+00:00","twitter_card":"summary_large_image","twitter_misc":{"Tiempo estimado de lectura":"1 minuto"},"schema":{"@context":"https:\/\/schema.org","@graph":[{"@type":"WebPage","@id":"https:\/\/solosonimport.com\/index.php\/catalogo-agricola\/","url":"https:\/\/solosonimport.com\/index.php\/catalogo-agricola\/","name":"Catalogo Agricola - Soloson Import","isPartOf":{"@id":"https:\/\/solosonimport.com\/#website"},"datePublished":"2026-01-30T14:40:45+00:00","dateModified":"2026-01-30T23:34:19+00:00","breadcrumb":{"@id":"https:\/\/solosonimport.com\/index.php\/catalogo-agricola\/#breadcrumb"},"inLanguage":"es","potentialAction":[{"@type":"ReadAction","target":["https:\/\/solosonimport.com\/index.php\/catalogo-agricola\/"]}]},{"@type":"BreadcrumbList","@id":"https:\/\/solosonimport.com\/index.php\/catalogo-agricola\/#breadcrumb","itemListElement":[{"@type":"ListItem","position":1,"name":"Portada","item":"https:\/\/solosonimport.com\/"},{"@type":"ListItem","position":2,"name":"Catalogo Agricola"}]},{"@type":"WebSite","@id":"https:\/\/solosonimport.com\/#website","url":"https:\/\/solosonimport.com\/","name":"Soloson Import","description":"","publisher":{"@id":"https:\/\/solosonimport.com\/#organization"},"potentialAction":[{"@type":"SearchAction","target":{"@type":"EntryPoint","urlTemplate":"https:\/\/solosonimport.com\/?s={search_term_string}"},"query-input":{"@type":"PropertyValueSpecification","valueRequired":true,"valueName":"search_term_string"}}],"inLanguage":"es"},{"@type":"Organization","@id":"https:\/\/solosonimport.com\/#organization","name":"Soloson Import","url":"https:\/\/solosonimport.com\/","logo":{"@type":"ImageObject","inLanguage":"es","@id":"https:\/\/solosonimport.com\/#\/schema\/logo\/image\/","url":"https:\/\/solosonimport.com\/wp-content\/uploads\/2026\/01\/SOLOSON-scaled.webp","contentUrl":"https:\/\/solosonimport.com\/wp-content\/uploads\/2026\/01\/SOLOSON-scaled.webp","width":2560,"height":1152,"caption":"Soloson Import"},"image":{"@id":"https:\/\/solosonimport.com\/#\/schema\/logo\/image\/"}}]}},"_links":{"self":[{"href":"https:\/\/solosonimport.com\/index.php\/wp-json\/wp\/v2\/pages\/3724","targetHints":{"allow":["GET"]}}],"collection":[{"href":"https:\/\/solosonimport.com\/index.php\/wp-json\/wp\/v2\/pages"}],"about":[{"href":"https:\/\/solosonimport.com\/index.php\/wp-json\/wp\/v2\/types\/page"}],"author":[{"embeddable":true,"href":"https:\/\/solosonimport.com\/index.php\/wp-json\/wp\/v2\/users\/1"}],"replies":[{"embeddable":true,"href":"https:\/\/solosonimport.com\/index.php\/wp-json\/wp\/v2\/comments?post=3724"}],"version-history":[{"count":41,"href":"https:\/\/solosonimport.com\/index.php\/wp-json\/wp\/v2\/pages\/3724\/revisions"}],"predecessor-version":[{"id":4136,"href":"https:\/\/solosonimport.com\/index.php\/wp-json\/wp\/v2\/pages\/3724\/revisions\/4136"}],"wp:attachment":[{"href":"https:\/\/solosonimport.com\/index.php\/wp-json\/wp\/v2\/media?parent=3724"}],"curies":[{"name":"wp","href":"https:\/\/api.w.org\/{rel}","templated":true}]}}