{"id":3859,"date":"2026-01-30T16:19:32","date_gmt":"2026-01-30T16:19:32","guid":{"rendered":"https:\/\/solosonimport.com\/?page_id=3859"},"modified":"2026-01-30T23:32:32","modified_gmt":"2026-01-30T23:32:32","slug":"catalogo-repuestos","status":"publish","type":"page","link":"https:\/\/solosonimport.com\/index.php\/catalogo-repuestos\/","title":{"rendered":"Catalogo Repuestos"},"content":{"rendered":"\t\t<div data-elementor-type=\"wp-page\" data-elementor-id=\"3859\" class=\"elementor elementor-3859\" data-elementor-post-type=\"page\">\n\t\t\t\t\t\t<section class=\"elementor-section elementor-top-section elementor-element elementor-element-f33799d elementor-section-full_width elementor-section-height-default elementor-section-height-default\" data-id=\"f33799d\" data-element_type=\"section\" data-settings=\"{&quot;background_background&quot;:&quot;classic&quot;}\">\n\t\t\t\t\t\t<div class=\"elementor-container elementor-column-gap-default\">\n\t\t\t\t\t<div class=\"elementor-column elementor-col-100 elementor-top-column elementor-element elementor-element-f9e3d6f\" data-id=\"f9e3d6f\" data-element_type=\"column\" data-settings=\"{&quot;background_background&quot;:&quot;classic&quot;}\">\n\t\t\t<div class=\"elementor-widget-wrap elementor-element-populated\">\n\t\t\t\t\t\t<div class=\"elementor-element elementor-element-2017b8b elementor-pagination-position-outside elementor-widget__width-inherit elementor--h-position-center elementor--v-position-middle elementor-widget elementor-widget-slides\" data-id=\"2017b8b\" data-element_type=\"widget\" data-settings=\"{&quot;navigation&quot;:&quot;dots&quot;,&quot;infinite&quot;:&quot;yes&quot;,&quot;transition&quot;:&quot;slide&quot;,&quot;transition_speed&quot;:500}\" data-widget_type=\"slides.default\">\n\t\t\t\t<div class=\"elementor-widget-container\">\n\t\t\t\t\t\t\t<div class=\"elementor-swiper\">\n\t\t\t<div class=\"elementor-slides-wrapper elementor-main-swiper swiper-container\" dir=\"ltr\" data-animation=\"fadeInUp\">\n\t\t\t\t<div class=\"swiper-wrapper elementor-slides\">\n\t\t\t\t\t\t\t\t\t\t<div class=\"elementor-repeater-item-5aa9ec9 swiper-slide\"><div class=\"swiper-slide-bg\" role=\"img\"><\/div><div class=\"swiper-slide-inner\" ><div class=\"swiper-slide-contents\"><\/div><\/div><\/div>\t\t\t\t<\/div>\n\t\t\t\t\t\t\t<\/div>\n\t\t<\/div>\n\t\t\t\t\t\t<\/div>\n\t\t\t\t<\/div>\n\t\t\t\t\t<\/div>\n\t\t<\/div>\n\t\t\t\t\t<\/div>\n\t\t<\/section>\n\t\t\t\t<section class=\"elementor-section elementor-top-section elementor-element elementor-element-c4bf7a4 elementor-section-boxed elementor-section-height-default elementor-section-height-default\" data-id=\"c4bf7a4\" data-element_type=\"section\">\n\t\t\t\t\t\t<div class=\"elementor-container elementor-column-gap-default\">\n\t\t\t\t\t<div class=\"elementor-column elementor-col-100 elementor-top-column elementor-element elementor-element-b8defdd\" data-id=\"b8defdd\" data-element_type=\"column\">\n\t\t\t<div class=\"elementor-widget-wrap elementor-element-populated\">\n\t\t\t\t\t\t<div class=\"elementor-element elementor-element-72d0010 elementor-widget elementor-widget-heading\" data-id=\"72d0010\" data-element_type=\"widget\" data-widget_type=\"heading.default\">\n\t\t\t\t<div class=\"elementor-widget-container\">\n\t\t\t\t\t<h2 class=\"elementor-heading-title elementor-size-default\">Cat\u00e1logo repuestos<\/h2>\t\t\t\t<\/div>\n\t\t\t\t<\/div>\n\t\t\t\t\t<\/div>\n\t\t<\/div>\n\t\t\t\t\t<\/div>\n\t\t<\/section>\n\t\t\t\t<section class=\"elementor-section elementor-top-section elementor-element elementor-element-8847d5b catalog-card-container elementor-section-boxed elementor-section-height-default elementor-section-height-default\" data-id=\"8847d5b\" data-element_type=\"section\">\n\t\t\t\t\t\t<div class=\"elementor-container elementor-column-gap-default\">\n\t\t\t\t\t<div class=\"elementor-column elementor-col-25 elementor-top-column elementor-element elementor-element-922e22d catalog-column-card\" data-id=\"922e22d\" data-element_type=\"column\">\n\t\t\t<div class=\"elementor-widget-wrap elementor-element-populated\">\n\t\t\t\t\t\t<div class=\"elementor-element elementor-element-4857a4d elementor-widget-tablet__width-initial elementor-cta--skin-classic elementor-animated-content elementor-widget elementor-widget-call-to-action\" data-id=\"4857a4d\" data-element_type=\"widget\" data-widget_type=\"call-to-action.default\">\n\t\t\t\t<div class=\"elementor-widget-container\">\n\t\t\t\t\t\t\t<div class=\"elementor-cta\">\n\t\t\t\t\t<div class=\"elementor-cta__bg-wrapper\">\n\t\t\t\t<div class=\"elementor-cta__bg elementor-bg\" style=\"background-image: url(https:\/\/solosonimport.com\/wp-content\/uploads\/2026\/01\/PORTADAS-33-790x1024.webp);\" role=\"img\" aria-label=\"PORTADAS 33\"><\/div>\n\t\t\t\t<div class=\"elementor-cta__bg-overlay\"><\/div>\n\t\t\t<\/div>\n\t\t\t\t\t\t\t<div class=\"elementor-cta__content\">\n\t\t\t\t\n\t\t\t\t\t\t\t\t\t<h2 class=\"elementor-cta__title elementor-cta__content-item elementor-content-item\">\n\t\t\t\t\t\tBATER\u00cdAS UNIBAT\t\t\t\t\t<\/h2>\n\t\t\t\t\n\t\t\t\t\n\t\t\t\t\t\t\t\t\t<div class=\"elementor-cta__button-wrapper elementor-cta__content-item elementor-content-item \">\n\t\t\t\t\t<a class=\"elementor-cta__button elementor-button elementor-size-\" href=\"https:\/\/drive.google.com\/file\/d\/1ynm6aSIzo6Yuniutw1qy5YsRlu_02CVY\/view?usp=sharing\">\n\t\t\t\t\t\tDescarga nuestro cat\u00e1logo\t\t\t\t\t<\/a>\n\t\t\t\t\t<\/div>\n\t\t\t\t\t\t\t<\/div>\n\t\t\t\t\t\t<\/div>\n\t\t\t\t\t\t<\/div>\n\t\t\t\t<\/div>\n\t\t\t\t\t<\/div>\n\t\t<\/div>\n\t\t\t\t<div class=\"elementor-column elementor-col-25 elementor-top-column elementor-element elementor-element-e9403a3 catalog-column-card\" data-id=\"e9403a3\" data-element_type=\"column\" data-settings=\"{&quot;background_background&quot;:&quot;classic&quot;}\">\n\t\t\t<div class=\"elementor-widget-wrap elementor-element-populated\">\n\t\t\t\t\t\t<div class=\"elementor-element elementor-element-c6a810d elementor-widget-tablet__width-initial elementor-cta--skin-classic elementor-animated-content elementor-widget elementor-widget-call-to-action\" data-id=\"c6a810d\" data-element_type=\"widget\" data-widget_type=\"call-to-action.default\">\n\t\t\t\t<div class=\"elementor-widget-container\">\n\t\t\t\t\t\t\t<div class=\"elementor-cta\">\n\t\t\t\t\t<div class=\"elementor-cta__bg-wrapper\">\n\t\t\t\t<div class=\"elementor-cta__bg elementor-bg\" style=\"background-image: url(https:\/\/solosonimport.com\/wp-content\/uploads\/2026\/01\/PORTADAS-16-791x1024.webp);\" role=\"img\" aria-label=\"PORTADAS-16\"><\/div>\n\t\t\t\t<div class=\"elementor-cta__bg-overlay\"><\/div>\n\t\t\t<\/div>\n\t\t\t\t\t\t\t<div class=\"elementor-cta__content\">\n\t\t\t\t\n\t\t\t\t\t\t\t\t\t<h2 class=\"elementor-cta__title elementor-cta__content-item elementor-content-item\">\n\t\t\t\t\t\tBATER\u00cdAS SOLPOWER \t\t\t\t\t<\/h2>\n\t\t\t\t\n\t\t\t\t\n\t\t\t\t\t\t\t\t\t<div class=\"elementor-cta__button-wrapper elementor-cta__content-item elementor-content-item \">\n\t\t\t\t\t<a class=\"elementor-cta__button elementor-button elementor-size-\" href=\"https:\/\/drive.google.com\/file\/d\/1QtSFLlleVFQV7_OMDAUCZ_vfgR1agjTt\/view?usp=sharing%20\">\n\t\t\t\t\t\tDescarga nuestro cat\u00e1logo\t\t\t\t\t<\/a>\n\t\t\t\t\t<\/div>\n\t\t\t\t\t\t\t<\/div>\n\t\t\t\t\t\t<\/div>\n\t\t\t\t\t\t<\/div>\n\t\t\t\t<\/div>\n\t\t\t\t\t<\/div>\n\t\t<\/div>\n\t\t\t\t<div class=\"elementor-column elementor-col-25 elementor-top-column elementor-element elementor-element-1f3d3ca catalog-column-card\" data-id=\"1f3d3ca\" data-element_type=\"column\">\n\t\t\t<div class=\"elementor-widget-wrap elementor-element-populated\">\n\t\t\t\t\t\t<div class=\"elementor-element elementor-element-b0a1c36 elementor-widget-tablet__width-initial elementor-cta--skin-classic elementor-animated-content elementor-widget elementor-widget-call-to-action\" data-id=\"b0a1c36\" data-element_type=\"widget\" data-widget_type=\"call-to-action.default\">\n\t\t\t\t<div class=\"elementor-widget-container\">\n\t\t\t\t\t\t\t<div class=\"elementor-cta\">\n\t\t\t\t\t<div class=\"elementor-cta__bg-wrapper\">\n\t\t\t\t<div class=\"elementor-cta__bg elementor-bg\" style=\"background-image: url(https:\/\/solosonimport.com\/wp-content\/uploads\/2026\/01\/PORTADAS-11-791x1024.webp);\" role=\"img\" aria-label=\"PORTADAS-11\"><\/div>\n\t\t\t\t<div class=\"elementor-cta__bg-overlay\"><\/div>\n\t\t\t<\/div>\n\t\t\t\t\t\t\t<div class=\"elementor-cta__content\">\n\t\t\t\t\n\t\t\t\t\t\t\t\t\t<h2 class=\"elementor-cta__title elementor-cta__content-item elementor-content-item\">\n\t\t\t\t\t\tCAUCHOS RIDESTONE\t\t\t\t\t<\/h2>\n\t\t\t\t\n\t\t\t\t\n\t\t\t\t\t\t\t\t\t<div class=\"elementor-cta__button-wrapper elementor-cta__content-item elementor-content-item \">\n\t\t\t\t\t<a class=\"elementor-cta__button elementor-button elementor-size-\" href=\"https:\/\/drive.google.com\/file\/d\/12piVNqf42Mio9SFVIzzSVHxRUoGl3uEy\/view?usp=sharing%20\">\n\t\t\t\t\t\tDescarga nuestro cat\u00e1logo\t\t\t\t\t<\/a>\n\t\t\t\t\t<\/div>\n\t\t\t\t\t\t\t<\/div>\n\t\t\t\t\t\t<\/div>\n\t\t\t\t\t\t<\/div>\n\t\t\t\t<\/div>\n\t\t\t\t\t<\/div>\n\t\t<\/div>\n\t\t\t\t<div class=\"elementor-column elementor-col-25 elementor-top-column elementor-element elementor-element-221cfa2 catalog-column-card\" data-id=\"221cfa2\" data-element_type=\"column\">\n\t\t\t<div class=\"elementor-widget-wrap elementor-element-populated\">\n\t\t\t\t\t\t<div class=\"elementor-element elementor-element-af044fe elementor-widget-tablet__width-initial elementor-cta--skin-classic elementor-animated-content elementor-widget elementor-widget-call-to-action\" data-id=\"af044fe\" data-element_type=\"widget\" data-widget_type=\"call-to-action.default\">\n\t\t\t\t<div class=\"elementor-widget-container\">\n\t\t\t\t\t\t\t<div class=\"elementor-cta\">\n\t\t\t\t\t<div class=\"elementor-cta__bg-wrapper\">\n\t\t\t\t<div class=\"elementor-cta__bg elementor-bg\" style=\"background-image: url(https:\/\/solosonimport.com\/wp-content\/uploads\/2026\/01\/PORTADAS-10-791x1024.webp);\" role=\"img\" aria-label=\"PORTADAS-10\"><\/div>\n\t\t\t\t<div class=\"elementor-cta__bg-overlay\"><\/div>\n\t\t\t<\/div>\n\t\t\t\t\t\t\t<div class=\"elementor-cta__content\">\n\t\t\t\t\n\t\t\t\t\t\t\t\t\t<h2 class=\"elementor-cta__title elementor-cta__content-item elementor-content-item\">\n\t\t\t\t\t\tSOLPART\t\t\t\t\t<\/h2>\n\t\t\t\t\n\t\t\t\t\n\t\t\t\t\t\t\t\t\t<div class=\"elementor-cta__button-wrapper elementor-cta__content-item elementor-content-item \">\n\t\t\t\t\t<a class=\"elementor-cta__button elementor-button elementor-size-\" href=\"https:\/\/drive.google.com\/file\/d\/1l5Y9FVoNxnNLYJ_BXqoZcdAQ6olkfeny\/view?usp=sharing%20\">\n\t\t\t\t\t\tDescarga nuestro cat\u00e1logo\t\t\t\t\t<\/a>\n\t\t\t\t\t<\/div>\n\t\t\t\t\t\t\t<\/div>\n\t\t\t\t\t\t<\/div>\n\t\t\t\t\t\t<\/div>\n\t\t\t\t<\/div>\n\t\t\t\t\t<\/div>\n\t\t<\/div>\n\t\t\t\t\t<\/div>\n\t\t<\/section>\n\t\t\t\t<section class=\"elementor-section elementor-top-section elementor-element elementor-element-6b00635 catalog-card-container elementor-section-boxed elementor-section-height-default elementor-section-height-default\" data-id=\"6b00635\" data-element_type=\"section\">\n\t\t\t\t\t\t<div class=\"elementor-container elementor-column-gap-default\">\n\t\t\t\t\t<div class=\"elementor-column elementor-col-25 elementor-top-column elementor-element elementor-element-925d547 catalog-column-card\" data-id=\"925d547\" data-element_type=\"column\">\n\t\t\t<div class=\"elementor-widget-wrap elementor-element-populated\">\n\t\t\t\t\t\t<div class=\"elementor-element elementor-element-0e3d76a elementor-widget-tablet__width-initial elementor-cta--skin-classic elementor-animated-content elementor-widget elementor-widget-call-to-action\" data-id=\"0e3d76a\" data-element_type=\"widget\" data-widget_type=\"call-to-action.default\">\n\t\t\t\t<div class=\"elementor-widget-container\">\n\t\t\t\t\t\t\t<div class=\"elementor-cta\">\n\t\t\t\t\t<div class=\"elementor-cta__bg-wrapper\">\n\t\t\t\t<div class=\"elementor-cta__bg elementor-bg\" style=\"background-image: url(https:\/\/solosonimport.com\/wp-content\/uploads\/2026\/01\/PORTADAS-08-791x1024.webp);\" role=\"img\" aria-label=\"PORTADAS-08\"><\/div>\n\t\t\t\t<div class=\"elementor-cta__bg-overlay\"><\/div>\n\t\t\t<\/div>\n\t\t\t\t\t\t\t<div class=\"elementor-cta__content\">\n\t\t\t\t\n\t\t\t\t\t\t\t\t\t<h2 class=\"elementor-cta__title elementor-cta__content-item elementor-content-item\">\n\t\t\t\t\t\tCAUCHOS METZELER\t\t\t\t\t<\/h2>\n\t\t\t\t\n\t\t\t\t\n\t\t\t\t\t\t\t\t\t<div class=\"elementor-cta__button-wrapper elementor-cta__content-item elementor-content-item \">\n\t\t\t\t\t<a class=\"elementor-cta__button elementor-button elementor-size-\" href=\"https:\/\/drive.google.com\/file\/d\/1t4Cpuhpc3yFGKmJ49hU5we6sqz_jx5qT\/view?usp=sharing%20\">\n\t\t\t\t\t\tDescarga nuestro cat\u00e1logo\t\t\t\t\t<\/a>\n\t\t\t\t\t<\/div>\n\t\t\t\t\t\t\t<\/div>\n\t\t\t\t\t\t<\/div>\n\t\t\t\t\t\t<\/div>\n\t\t\t\t<\/div>\n\t\t\t\t\t<\/div>\n\t\t<\/div>\n\t\t\t\t<div class=\"elementor-column elementor-col-25 elementor-top-column elementor-element elementor-element-f6a8ad7 catalog-column-card\" data-id=\"f6a8ad7\" data-element_type=\"column\" data-settings=\"{&quot;background_background&quot;:&quot;classic&quot;}\">\n\t\t\t<div class=\"elementor-widget-wrap elementor-element-populated\">\n\t\t\t\t\t\t<div class=\"elementor-element elementor-element-c2e936d elementor-widget-tablet__width-initial elementor-cta--skin-classic elementor-animated-content elementor-widget elementor-widget-call-to-action\" data-id=\"c2e936d\" data-element_type=\"widget\" data-widget_type=\"call-to-action.default\">\n\t\t\t\t<div class=\"elementor-widget-container\">\n\t\t\t\t\t\t\t<div class=\"elementor-cta\">\n\t\t\t\t\t<div class=\"elementor-cta__bg-wrapper\">\n\t\t\t\t<div class=\"elementor-cta__bg elementor-bg\" style=\"background-image: url(https:\/\/solosonimport.com\/wp-content\/uploads\/2026\/01\/PORTADAS-09-791x1024.webp);\" role=\"img\" aria-label=\"PORTADAS-09\"><\/div>\n\t\t\t\t<div class=\"elementor-cta__bg-overlay\"><\/div>\n\t\t\t<\/div>\n\t\t\t\t\t\t\t<div class=\"elementor-cta__content\">\n\t\t\t\t\n\t\t\t\t\t\t\t\t\t<h2 class=\"elementor-cta__title elementor-cta__content-item elementor-content-item\">\n\t\t\t\t\t\tCAUCHOS MITAS\t\t\t\t\t<\/h2>\n\t\t\t\t\n\t\t\t\t\n\t\t\t\t\t\t\t\t\t<div class=\"elementor-cta__button-wrapper elementor-cta__content-item elementor-content-item \">\n\t\t\t\t\t<a class=\"elementor-cta__button elementor-button elementor-size-\" href=\"https:\/\/drive.google.com\/file\/d\/10EVeOdzLn87RTb7We3Br0jzMHNkFE66T\/view?usp=sharing%20\">\n\t\t\t\t\t\tDescarga nuestro cat\u00e1logo\t\t\t\t\t<\/a>\n\t\t\t\t\t<\/div>\n\t\t\t\t\t\t\t<\/div>\n\t\t\t\t\t\t<\/div>\n\t\t\t\t\t\t<\/div>\n\t\t\t\t<\/div>\n\t\t\t\t\t<\/div>\n\t\t<\/div>\n\t\t\t\t<div class=\"elementor-column elementor-col-25 elementor-top-column elementor-element elementor-element-19a4d82 catalog-column-card\" data-id=\"19a4d82\" data-element_type=\"column\">\n\t\t\t<div class=\"elementor-widget-wrap elementor-element-populated\">\n\t\t\t\t\t\t<div class=\"elementor-element elementor-element-ca27b89 elementor-widget-tablet__width-initial elementor-cta--skin-classic elementor-animated-content elementor-widget elementor-widget-call-to-action\" data-id=\"ca27b89\" data-element_type=\"widget\" data-widget_type=\"call-to-action.default\">\n\t\t\t\t<div class=\"elementor-widget-container\">\n\t\t\t\t\t\t\t<div class=\"elementor-cta\">\n\t\t\t\t\t<div class=\"elementor-cta__bg-wrapper\">\n\t\t\t\t<div class=\"elementor-cta__bg elementor-bg\" style=\"background-image: url(https:\/\/solosonimport.com\/wp-content\/uploads\/2026\/01\/PORTADAS-33-02-790x1024.webp);\" role=\"img\" aria-label=\"PORTADAS 33-02\"><\/div>\n\t\t\t\t<div class=\"elementor-cta__bg-overlay\"><\/div>\n\t\t\t<\/div>\n\t\t\t\t\t\t\t<div class=\"elementor-cta__content\">\n\t\t\t\t\n\t\t\t\t\t\t\t\t\t<h2 class=\"elementor-cta__title elementor-cta__content-item elementor-content-item\">\n\t\t\t\t\t\tCAUCHOS PIRELLI\t\t\t\t\t<\/h2>\n\t\t\t\t\n\t\t\t\t\n\t\t\t\t\t\t\t\t\t<div class=\"elementor-cta__button-wrapper elementor-cta__content-item elementor-content-item \">\n\t\t\t\t\t<a class=\"elementor-cta__button elementor-button elementor-size-\" href=\"https:\/\/drive.google.com\/file\/d\/1Gbh-rZmae1BM-QQllEtUvwqz1bFbIPCt\/view?usp=sharing\">\n\t\t\t\t\t\tDescarga nuestro cat\u00e1logo\t\t\t\t\t<\/a>\n\t\t\t\t\t<\/div>\n\t\t\t\t\t\t\t<\/div>\n\t\t\t\t\t\t<\/div>\n\t\t\t\t\t\t<\/div>\n\t\t\t\t<\/div>\n\t\t\t\t\t<\/div>\n\t\t<\/div>\n\t\t\t\t<div class=\"elementor-column elementor-col-25 elementor-top-column elementor-element elementor-element-0718e8e catalog-column-card\" data-id=\"0718e8e\" data-element_type=\"column\">\n\t\t\t<div class=\"elementor-widget-wrap elementor-element-populated\">\n\t\t\t\t\t\t<div class=\"elementor-element elementor-element-a34ecf9 elementor-widget-tablet__width-initial elementor-cta--skin-classic elementor-animated-content elementor-widget elementor-widget-call-to-action\" data-id=\"a34ecf9\" data-element_type=\"widget\" data-widget_type=\"call-to-action.default\">\n\t\t\t\t<div class=\"elementor-widget-container\">\n\t\t\t\t\t\t\t<div class=\"elementor-cta\">\n\t\t\t\t\t<div class=\"elementor-cta__bg-wrapper\">\n\t\t\t\t<div class=\"elementor-cta__bg elementor-bg\" style=\"background-image: url(https:\/\/solosonimport.com\/wp-content\/uploads\/2026\/01\/PORTADAS-07-791x1024.webp);\" role=\"img\" aria-label=\"PORTADAS-07\"><\/div>\n\t\t\t\t<div class=\"elementor-cta__bg-overlay\"><\/div>\n\t\t\t<\/div>\n\t\t\t\t\t\t\t<div class=\"elementor-cta__content\">\n\t\t\t\t\n\t\t\t\t\t\t\t\t\t<h2 class=\"elementor-cta__title elementor-cta__content-item elementor-content-item\">\n\t\t\t\t\t\tSOLCHAIN\t\t\t\t\t<\/h2>\n\t\t\t\t\n\t\t\t\t\n\t\t\t\t\t\t\t\t\t<div class=\"elementor-cta__button-wrapper elementor-cta__content-item elementor-content-item \">\n\t\t\t\t\t<a class=\"elementor-cta__button elementor-button elementor-size-\" href=\"https:\/\/drive.google.com\/file\/d\/15iNE0esg1TeqMAB6aTgdbi-TMC7KE2y7\/view?usp=sharing%20\">\n\t\t\t\t\t\tDescarga nuestro cat\u00e1logo\t\t\t\t\t<\/a>\n\t\t\t\t\t<\/div>\n\t\t\t\t\t\t\t<\/div>\n\t\t\t\t\t\t<\/div>\n\t\t\t\t\t\t<\/div>\n\t\t\t\t<\/div>\n\t\t\t\t\t<\/div>\n\t\t<\/div>\n\t\t\t\t\t<\/div>\n\t\t<\/section>\n\t\t\t\t<\/div>\n\t\t","protected":false},"excerpt":{"rendered":"<p>Cat\u00e1logo repuestos BATER\u00cdAS UNIBAT Descarga nuestro cat\u00e1logo BATER\u00cdAS SOLPOWER Descarga nuestro cat\u00e1logo CAUCHOS RIDESTONE Descarga nuestro cat\u00e1logo SOLPART Descarga nuestro cat\u00e1logo CAUCHOS METZELER Descarga nuestro cat\u00e1logo CAUCHOS MITAS Descarga nuestro cat\u00e1logo CAUCHOS PIRELLI Descarga nuestro cat\u00e1logo SOLCHAIN Descarga nuestro cat\u00e1logo<\/p>\n","protected":false},"author":1,"featured_media":0,"parent":0,"menu_order":0,"comment_status":"closed","ping_status":"closed","template":"elementor_header_footer","meta":{"footnotes":""},"class_list":["post-3859","page","type-page","status-publish","hentry"],"yoast_head":"<!-- This site is optimized with the Yoast SEO plugin v23.9 - https:\/\/yoast.com\/wordpress\/plugins\/seo\/ -->\n<title>Catalogo Repuestos - Soloson Import<\/title>\n<meta name=\"robots\" content=\"index, follow, max-snippet:-1, max-image-preview:large, max-video-preview:-1\" \/>\n<link rel=\"canonical\" href=\"https:\/\/solosonimport.com\/index.php\/catalogo-repuestos\/\" \/>\n<meta property=\"og:locale\" content=\"es_ES\" \/>\n<meta property=\"og:type\" content=\"article\" \/>\n<meta property=\"og:title\" content=\"Catalogo Repuestos - Soloson Import\" \/>\n<meta property=\"og:description\" content=\"Cat\u00e1logo repuestos BATER\u00cdAS UNIBAT Descarga nuestro cat\u00e1logo BATER\u00cdAS SOLPOWER Descarga nuestro cat\u00e1logo CAUCHOS RIDESTONE Descarga nuestro cat\u00e1logo SOLPART Descarga nuestro cat\u00e1logo CAUCHOS METZELER Descarga nuestro cat\u00e1logo CAUCHOS MITAS Descarga nuestro cat\u00e1logo CAUCHOS PIRELLI Descarga nuestro cat\u00e1logo SOLCHAIN Descarga nuestro cat\u00e1logo\" \/>\n<meta property=\"og:url\" content=\"https:\/\/solosonimport.com\/index.php\/catalogo-repuestos\/\" \/>\n<meta property=\"og:site_name\" content=\"Soloson Import\" \/>\n<meta property=\"article:modified_time\" content=\"2026-01-30T23:32:32+00:00\" \/>\n<meta name=\"twitter:card\" content=\"summary_large_image\" \/>\n<meta name=\"twitter:label1\" content=\"Tiempo estimado de lectura\" \/>\n\t<meta name=\"twitter:data1\" content=\"1 minuto\" \/>\n<script type=\"application\/ld+json\" class=\"yoast-schema-graph\">{\"@context\":\"https:\/\/schema.org\",\"@graph\":[{\"@type\":\"WebPage\",\"@id\":\"https:\/\/solosonimport.com\/index.php\/catalogo-repuestos\/\",\"url\":\"https:\/\/solosonimport.com\/index.php\/catalogo-repuestos\/\",\"name\":\"Catalogo Repuestos - Soloson Import\",\"isPartOf\":{\"@id\":\"https:\/\/solosonimport.com\/#website\"},\"datePublished\":\"2026-01-30T16:19:32+00:00\",\"dateModified\":\"2026-01-30T23:32:32+00:00\",\"breadcrumb\":{\"@id\":\"https:\/\/solosonimport.com\/index.php\/catalogo-repuestos\/#breadcrumb\"},\"inLanguage\":\"es\",\"potentialAction\":[{\"@type\":\"ReadAction\",\"target\":[\"https:\/\/solosonimport.com\/index.php\/catalogo-repuestos\/\"]}]},{\"@type\":\"BreadcrumbList\",\"@id\":\"https:\/\/solosonimport.com\/index.php\/catalogo-repuestos\/#breadcrumb\",\"itemListElement\":[{\"@type\":\"ListItem\",\"position\":1,\"name\":\"Portada\",\"item\":\"https:\/\/solosonimport.com\/\"},{\"@type\":\"ListItem\",\"position\":2,\"name\":\"Catalogo Repuestos\"}]},{\"@type\":\"WebSite\",\"@id\":\"https:\/\/solosonimport.com\/#website\",\"url\":\"https:\/\/solosonimport.com\/\",\"name\":\"Soloson Import\",\"description\":\"\",\"publisher\":{\"@id\":\"https:\/\/solosonimport.com\/#organization\"},\"potentialAction\":[{\"@type\":\"SearchAction\",\"target\":{\"@type\":\"EntryPoint\",\"urlTemplate\":\"https:\/\/solosonimport.com\/?s={search_term_string}\"},\"query-input\":{\"@type\":\"PropertyValueSpecification\",\"valueRequired\":true,\"valueName\":\"search_term_string\"}}],\"inLanguage\":\"es\"},{\"@type\":\"Organization\",\"@id\":\"https:\/\/solosonimport.com\/#organization\",\"name\":\"Soloson Import\",\"url\":\"https:\/\/solosonimport.com\/\",\"logo\":{\"@type\":\"ImageObject\",\"inLanguage\":\"es\",\"@id\":\"https:\/\/solosonimport.com\/#\/schema\/logo\/image\/\",\"url\":\"https:\/\/solosonimport.com\/wp-content\/uploads\/2026\/01\/SOLOSON-scaled.webp\",\"contentUrl\":\"https:\/\/solosonimport.com\/wp-content\/uploads\/2026\/01\/SOLOSON-scaled.webp\",\"width\":2560,\"height\":1152,\"caption\":\"Soloson Import\"},\"image\":{\"@id\":\"https:\/\/solosonimport.com\/#\/schema\/logo\/image\/\"}}]}<\/script>\n<!-- \/ Yoast SEO plugin. -->","yoast_head_json":{"title":"Catalogo Repuestos - Soloson Import","robots":{"index":"index","follow":"follow","max-snippet":"max-snippet:-1","max-image-preview":"max-image-preview:large","max-video-preview":"max-video-preview:-1"},"canonical":"https:\/\/solosonimport.com\/index.php\/catalogo-repuestos\/","og_locale":"es_ES","og_type":"article","og_title":"Catalogo Repuestos - Soloson Import","og_description":"Cat\u00e1logo repuestos BATER\u00cdAS UNIBAT Descarga nuestro cat\u00e1logo BATER\u00cdAS SOLPOWER Descarga nuestro cat\u00e1logo CAUCHOS RIDESTONE Descarga nuestro cat\u00e1logo SOLPART Descarga nuestro cat\u00e1logo CAUCHOS METZELER Descarga nuestro cat\u00e1logo CAUCHOS MITAS Descarga nuestro cat\u00e1logo CAUCHOS PIRELLI Descarga nuestro cat\u00e1logo SOLCHAIN Descarga nuestro cat\u00e1logo","og_url":"https:\/\/solosonimport.com\/index.php\/catalogo-repuestos\/","og_site_name":"Soloson Import","article_modified_time":"2026-01-30T23:32:32+00:00","twitter_card":"summary_large_image","twitter_misc":{"Tiempo estimado de lectura":"1 minuto"},"schema":{"@context":"https:\/\/schema.org","@graph":[{"@type":"WebPage","@id":"https:\/\/solosonimport.com\/index.php\/catalogo-repuestos\/","url":"https:\/\/solosonimport.com\/index.php\/catalogo-repuestos\/","name":"Catalogo Repuestos - Soloson Import","isPartOf":{"@id":"https:\/\/solosonimport.com\/#website"},"datePublished":"2026-01-30T16:19:32+00:00","dateModified":"2026-01-30T23:32:32+00:00","breadcrumb":{"@id":"https:\/\/solosonimport.com\/index.php\/catalogo-repuestos\/#breadcrumb"},"inLanguage":"es","potentialAction":[{"@type":"ReadAction","target":["https:\/\/solosonimport.com\/index.php\/catalogo-repuestos\/"]}]},{"@type":"BreadcrumbList","@id":"https:\/\/solosonimport.com\/index.php\/catalogo-repuestos\/#breadcrumb","itemListElement":[{"@type":"ListItem","position":1,"name":"Portada","item":"https:\/\/solosonimport.com\/"},{"@type":"ListItem","position":2,"name":"Catalogo Repuestos"}]},{"@type":"WebSite","@id":"https:\/\/solosonimport.com\/#website","url":"https:\/\/solosonimport.com\/","name":"Soloson Import","description":"","publisher":{"@id":"https:\/\/solosonimport.com\/#organization"},"potentialAction":[{"@type":"SearchAction","target":{"@type":"EntryPoint","urlTemplate":"https:\/\/solosonimport.com\/?s={search_term_string}"},"query-input":{"@type":"PropertyValueSpecification","valueRequired":true,"valueName":"search_term_string"}}],"inLanguage":"es"},{"@type":"Organization","@id":"https:\/\/solosonimport.com\/#organization","name":"Soloson Import","url":"https:\/\/solosonimport.com\/","logo":{"@type":"ImageObject","inLanguage":"es","@id":"https:\/\/solosonimport.com\/#\/schema\/logo\/image\/","url":"https:\/\/solosonimport.com\/wp-content\/uploads\/2026\/01\/SOLOSON-scaled.webp","contentUrl":"https:\/\/solosonimport.com\/wp-content\/uploads\/2026\/01\/SOLOSON-scaled.webp","width":2560,"height":1152,"caption":"Soloson Import"},"image":{"@id":"https:\/\/solosonimport.com\/#\/schema\/logo\/image\/"}}]}},"_links":{"self":[{"href":"https:\/\/solosonimport.com\/index.php\/wp-json\/wp\/v2\/pages\/3859","targetHints":{"allow":["GET"]}}],"collection":[{"href":"https:\/\/solosonimport.com\/index.php\/wp-json\/wp\/v2\/pages"}],"about":[{"href":"https:\/\/solosonimport.com\/index.php\/wp-json\/wp\/v2\/types\/page"}],"author":[{"embeddable":true,"href":"https:\/\/solosonimport.com\/index.php\/wp-json\/wp\/v2\/users\/1"}],"replies":[{"embeddable":true,"href":"https:\/\/solosonimport.com\/index.php\/wp-json\/wp\/v2\/comments?post=3859"}],"version-history":[{"count":19,"href":"https:\/\/solosonimport.com\/index.php\/wp-json\/wp\/v2\/pages\/3859\/revisions"}],"predecessor-version":[{"id":4130,"href":"https:\/\/solosonimport.com\/index.php\/wp-json\/wp\/v2\/pages\/3859\/revisions\/4130"}],"wp:attachment":[{"href":"https:\/\/solosonimport.com\/index.php\/wp-json\/wp\/v2\/media?parent=3859"}],"curies":[{"name":"wp","href":"https:\/\/api.w.org\/{rel}","templated":true}]}}