{"id":41,"date":"2023-09-04T04:47:10","date_gmt":"2023-09-04T04:47:10","guid":{"rendered":"https:\/\/solosonimport.com\/website2\/index.php\/what-we-do\/"},"modified":"2026-01-30T14:23:31","modified_gmt":"2026-01-30T14:23:31","slug":"lineas-de-negocios","status":"publish","type":"page","link":"https:\/\/solosonimport.com\/index.php\/lineas-de-negocios\/","title":{"rendered":"Lineas de negocios"},"content":{"rendered":"\t\t<div data-elementor-type=\"wp-page\" data-elementor-id=\"41\" class=\"elementor elementor-41\" data-elementor-post-type=\"page\">\n\t\t\t\t\t\t<section class=\"elementor-section elementor-top-section elementor-element elementor-element-65aebf14 elementor-section-full_width elementor-section-height-default elementor-section-height-default\" data-id=\"65aebf14\" data-element_type=\"section\" data-settings=\"{&quot;background_background&quot;:&quot;classic&quot;}\">\n\t\t\t\t\t\t<div class=\"elementor-container elementor-column-gap-default\">\n\t\t\t\t\t<div class=\"elementor-column elementor-col-100 elementor-top-column elementor-element elementor-element-41ba8ec2\" data-id=\"41ba8ec2\" data-element_type=\"column\">\n\t\t\t<div class=\"elementor-widget-wrap elementor-element-populated\">\n\t\t\t\t\t\t<div class=\"elementor-element elementor-element-42470376 elementor-view-default elementor-invisible elementor-widget elementor-widget-icon\" data-id=\"42470376\" data-element_type=\"widget\" data-settings=\"{&quot;_animation&quot;:&quot;fadeInDown&quot;}\" data-widget_type=\"icon.default\">\n\t\t\t\t<div class=\"elementor-widget-container\">\n\t\t\t\t\t\t\t<div class=\"elementor-icon-wrapper\">\n\t\t\t<a class=\"elementor-icon\" href=\"#services\">\n\t\t\t\t\t\t<\/a>\n\t\t<\/div>\n\t\t\t\t\t\t<\/div>\n\t\t\t\t<\/div>\n\t\t\t\t\t<\/div>\n\t\t<\/div>\n\t\t\t\t\t<\/div>\n\t\t<\/section>\n\t\t\t\t<section class=\"elementor-section elementor-top-section elementor-element elementor-element-481c330 elementor-section-full_width elementor-section-height-default elementor-section-height-default\" data-id=\"481c330\" data-element_type=\"section\">\n\t\t\t\t\t\t<div class=\"elementor-container elementor-column-gap-default\">\n\t\t\t\t\t<div class=\"elementor-column elementor-col-100 elementor-top-column elementor-element elementor-element-ee6c3e6\" data-id=\"ee6c3e6\" data-element_type=\"column\">\n\t\t\t<div class=\"elementor-widget-wrap elementor-element-populated\">\n\t\t\t\t\t\t<div class=\"elementor-element elementor-element-65d1b99 elementor-cta--skin-cover elementor-cta--valign-middle elementor-widget elementor-widget-call-to-action\" data-id=\"65d1b99\" data-element_type=\"widget\" data-widget_type=\"call-to-action.default\">\n\t\t\t\t<div class=\"elementor-widget-container\">\n\t\t\t\t\t\t\t<div class=\"elementor-cta\">\n\t\t\t\t\t<div class=\"elementor-cta__bg-wrapper\">\n\t\t\t\t<div class=\"elementor-cta__bg elementor-bg\" style=\"background-image: url(https:\/\/solosonimport.com\/wp-content\/uploads\/2026\/01\/MOTO-2.webp);\" role=\"img\" aria-label=\"MOTO\"><\/div>\n\t\t\t\t<div class=\"elementor-cta__bg-overlay\"><\/div>\n\t\t\t<\/div>\n\t\t\t\t\t\t\t<div class=\"elementor-cta__content\">\n\t\t\t\t\n\t\t\t\t\t\t\t\t\t<h3 class=\"elementor-cta__title elementor-cta__content-item elementor-content-item\">\n\t\t\t\t\t\tMOTOCICLETAS\t\t\t\t\t<\/h3>\n\t\t\t\t\n\t\t\t\t\n\t\t\t\t\t\t\t\t\t<div class=\"elementor-cta__button-wrapper elementor-cta__content-item elementor-content-item \">\n\t\t\t\t\t<a class=\"elementor-cta__button elementor-button elementor-size-\" href=\"https:\/\/solosonimport.com\/index.php\/motocicletas\/\">\n\t\t\t\t\t\tVER M\u00c1S\t\t\t\t\t<\/a>\n\t\t\t\t\t<\/div>\n\t\t\t\t\t\t\t<\/div>\n\t\t\t\t\t\t<\/div>\n\t\t\t\t\t\t<\/div>\n\t\t\t\t<\/div>\n\t\t\t\t<div class=\"elementor-element elementor-element-6db95f0 elementor-cta--skin-cover elementor-cta--valign-middle elementor-widget elementor-widget-call-to-action\" data-id=\"6db95f0\" data-element_type=\"widget\" data-widget_type=\"call-to-action.default\">\n\t\t\t\t<div class=\"elementor-widget-container\">\n\t\t\t\t\t\t\t<div class=\"elementor-cta\">\n\t\t\t\t\t<div class=\"elementor-cta__bg-wrapper\">\n\t\t\t\t<div class=\"elementor-cta__bg elementor-bg\" style=\"background-image: url(https:\/\/solosonimport.com\/wp-content\/uploads\/2026\/01\/AGRICOLA-1.webp);\" role=\"img\" aria-label=\"AGRICOLA\"><\/div>\n\t\t\t\t<div class=\"elementor-cta__bg-overlay\"><\/div>\n\t\t\t<\/div>\n\t\t\t\t\t\t\t<div class=\"elementor-cta__content\">\n\t\t\t\t\n\t\t\t\t\t\t\t\t\t<h3 class=\"elementor-cta__title elementor-cta__content-item elementor-content-item\">\n\t\t\t\t\t\tAGR\u00cdCOLA\t\t\t\t\t<\/h3>\n\t\t\t\t\n\t\t\t\t\n\t\t\t\t\t\t\t\t\t<div class=\"elementor-cta__button-wrapper elementor-cta__content-item elementor-content-item \">\n\t\t\t\t\t<a class=\"elementor-cta__button elementor-button elementor-size-\" href=\"https:\/\/solosonimport.com\/index.php\/agricola-2\/\">\n\t\t\t\t\t\tVER M\u00c1S\t\t\t\t\t<\/a>\n\t\t\t\t\t<\/div>\n\t\t\t\t\t\t\t<\/div>\n\t\t\t\t\t\t<\/div>\n\t\t\t\t\t\t<\/div>\n\t\t\t\t<\/div>\n\t\t\t\t<div class=\"elementor-element elementor-element-71c9f37 elementor-cta--skin-cover elementor-cta--valign-middle elementor-widget elementor-widget-call-to-action\" data-id=\"71c9f37\" data-element_type=\"widget\" data-widget_type=\"call-to-action.default\">\n\t\t\t\t<div class=\"elementor-widget-container\">\n\t\t\t\t\t\t\t<div class=\"elementor-cta\">\n\t\t\t\t\t<div class=\"elementor-cta__bg-wrapper\">\n\t\t\t\t<div class=\"elementor-cta__bg elementor-bg\" style=\"background-image: url(https:\/\/solosonimport.com\/wp-content\/uploads\/2026\/01\/NAUTICA-1.webp);\" role=\"img\" aria-label=\"NAUTICA\"><\/div>\n\t\t\t\t<div class=\"elementor-cta__bg-overlay\"><\/div>\n\t\t\t<\/div>\n\t\t\t\t\t\t\t<div class=\"elementor-cta__content\">\n\t\t\t\t\n\t\t\t\t\t\t\t\t\t<h3 class=\"elementor-cta__title elementor-cta__content-item elementor-content-item\">\n\t\t\t\t\t\tN\u00c1UTICA\t\t\t\t\t<\/h3>\n\t\t\t\t\n\t\t\t\t\n\t\t\t\t\t\t\t\t\t<div class=\"elementor-cta__button-wrapper elementor-cta__content-item elementor-content-item \">\n\t\t\t\t\t<a class=\"elementor-cta__button elementor-button elementor-size-\" href=\"https:\/\/solosonimport.com\/index.php\/nautica\/\">\n\t\t\t\t\t\tVER M\u00c1S\t\t\t\t\t<\/a>\n\t\t\t\t\t<\/div>\n\t\t\t\t\t\t\t<\/div>\n\t\t\t\t\t\t<\/div>\n\t\t\t\t\t\t<\/div>\n\t\t\t\t<\/div>\n\t\t\t\t<div class=\"elementor-element elementor-element-27a3724 elementor-cta--skin-cover elementor-cta--valign-middle elementor-widget elementor-widget-call-to-action\" data-id=\"27a3724\" data-element_type=\"widget\" data-widget_type=\"call-to-action.default\">\n\t\t\t\t<div class=\"elementor-widget-container\">\n\t\t\t\t\t\t\t<div class=\"elementor-cta\">\n\t\t\t\t\t<div class=\"elementor-cta__bg-wrapper\">\n\t\t\t\t<div class=\"elementor-cta__bg elementor-bg\" style=\"background-image: url(https:\/\/solosonimport.com\/wp-content\/uploads\/2026\/01\/AUTOS-1.webp);\" role=\"img\" aria-label=\"AUTOS\"><\/div>\n\t\t\t\t<div class=\"elementor-cta__bg-overlay\"><\/div>\n\t\t\t<\/div>\n\t\t\t\t\t\t\t<div class=\"elementor-cta__content\">\n\t\t\t\t\n\t\t\t\t\t\t\t\t\t<h3 class=\"elementor-cta__title elementor-cta__content-item elementor-content-item\">\n\t\t\t\t\t\tAUTOM\u00d3VIL\t\t\t\t\t<\/h3>\n\t\t\t\t\n\t\t\t\t\n\t\t\t\t\t\t\t\t\t<div class=\"elementor-cta__button-wrapper elementor-cta__content-item elementor-content-item \">\n\t\t\t\t\t<a class=\"elementor-cta__button elementor-button elementor-size-\" href=\"https:\/\/solosonimport.com\/index.php\/autos\/\">\n\t\t\t\t\t\tVER M\u00c1S\t\t\t\t\t<\/a>\n\t\t\t\t\t<\/div>\n\t\t\t\t\t\t\t<\/div>\n\t\t\t\t\t\t<\/div>\n\t\t\t\t\t\t<\/div>\n\t\t\t\t<\/div>\n\t\t\t\t\t<\/div>\n\t\t<\/div>\n\t\t\t\t\t<\/div>\n\t\t<\/section>\n\t\t\t\t<\/div>\n\t\t","protected":false},"excerpt":{"rendered":"<p>MOTOCICLETAS VER M\u00c1S AGR\u00cdCOLA VER M\u00c1S N\u00c1UTICA VER M\u00c1S AUTOM\u00d3VIL VER M\u00c1S<\/p>\n","protected":false},"author":1,"featured_media":0,"parent":0,"menu_order":0,"comment_status":"closed","ping_status":"closed","template":"elementor_header_footer","meta":{"footnotes":""},"class_list":["post-41","page","type-page","status-publish","hentry"],"yoast_head":"<!-- This site is optimized with the Yoast SEO plugin v23.9 - https:\/\/yoast.com\/wordpress\/plugins\/seo\/ -->\n<title>Lineas de negocios - Soloson Import<\/title>\n<meta name=\"robots\" content=\"index, follow, max-snippet:-1, max-image-preview:large, max-video-preview:-1\" \/>\n<link rel=\"canonical\" href=\"https:\/\/solosonimport.com\/index.php\/lineas-de-negocios\/\" \/>\n<meta property=\"og:locale\" content=\"es_ES\" \/>\n<meta property=\"og:type\" content=\"article\" \/>\n<meta property=\"og:title\" content=\"Lineas de negocios - Soloson Import\" \/>\n<meta property=\"og:description\" content=\"MOTOCICLETAS VER M\u00c1S AGR\u00cdCOLA VER M\u00c1S N\u00c1UTICA VER M\u00c1S AUTOM\u00d3VIL VER M\u00c1S\" \/>\n<meta property=\"og:url\" content=\"https:\/\/solosonimport.com\/index.php\/lineas-de-negocios\/\" \/>\n<meta property=\"og:site_name\" content=\"Soloson Import\" \/>\n<meta property=\"article:modified_time\" content=\"2026-01-30T14:23:31+00:00\" \/>\n<meta name=\"twitter:card\" content=\"summary_large_image\" \/>\n<meta name=\"twitter:label1\" content=\"Tiempo estimado de lectura\" \/>\n\t<meta name=\"twitter:data1\" content=\"1 minuto\" \/>\n<script type=\"application\/ld+json\" class=\"yoast-schema-graph\">{\"@context\":\"https:\/\/schema.org\",\"@graph\":[{\"@type\":\"WebPage\",\"@id\":\"https:\/\/solosonimport.com\/index.php\/lineas-de-negocios\/\",\"url\":\"https:\/\/solosonimport.com\/index.php\/lineas-de-negocios\/\",\"name\":\"Lineas de negocios - Soloson Import\",\"isPartOf\":{\"@id\":\"https:\/\/solosonimport.com\/#website\"},\"datePublished\":\"2023-09-04T04:47:10+00:00\",\"dateModified\":\"2026-01-30T14:23:31+00:00\",\"breadcrumb\":{\"@id\":\"https:\/\/solosonimport.com\/index.php\/lineas-de-negocios\/#breadcrumb\"},\"inLanguage\":\"es\",\"potentialAction\":[{\"@type\":\"ReadAction\",\"target\":[\"https:\/\/solosonimport.com\/index.php\/lineas-de-negocios\/\"]}]},{\"@type\":\"BreadcrumbList\",\"@id\":\"https:\/\/solosonimport.com\/index.php\/lineas-de-negocios\/#breadcrumb\",\"itemListElement\":[{\"@type\":\"ListItem\",\"position\":1,\"name\":\"Portada\",\"item\":\"https:\/\/solosonimport.com\/\"},{\"@type\":\"ListItem\",\"position\":2,\"name\":\"Lineas de negocios\"}]},{\"@type\":\"WebSite\",\"@id\":\"https:\/\/solosonimport.com\/#website\",\"url\":\"https:\/\/solosonimport.com\/\",\"name\":\"Soloson Import\",\"description\":\"\",\"publisher\":{\"@id\":\"https:\/\/solosonimport.com\/#organization\"},\"potentialAction\":[{\"@type\":\"SearchAction\",\"target\":{\"@type\":\"EntryPoint\",\"urlTemplate\":\"https:\/\/solosonimport.com\/?s={search_term_string}\"},\"query-input\":{\"@type\":\"PropertyValueSpecification\",\"valueRequired\":true,\"valueName\":\"search_term_string\"}}],\"inLanguage\":\"es\"},{\"@type\":\"Organization\",\"@id\":\"https:\/\/solosonimport.com\/#organization\",\"name\":\"Soloson Import\",\"url\":\"https:\/\/solosonimport.com\/\",\"logo\":{\"@type\":\"ImageObject\",\"inLanguage\":\"es\",\"@id\":\"https:\/\/solosonimport.com\/#\/schema\/logo\/image\/\",\"url\":\"https:\/\/solosonimport.com\/wp-content\/uploads\/2026\/01\/SOLOSON-scaled.webp\",\"contentUrl\":\"https:\/\/solosonimport.com\/wp-content\/uploads\/2026\/01\/SOLOSON-scaled.webp\",\"width\":2560,\"height\":1152,\"caption\":\"Soloson Import\"},\"image\":{\"@id\":\"https:\/\/solosonimport.com\/#\/schema\/logo\/image\/\"}}]}<\/script>\n<!-- \/ Yoast SEO plugin. -->","yoast_head_json":{"title":"Lineas de negocios - Soloson Import","robots":{"index":"index","follow":"follow","max-snippet":"max-snippet:-1","max-image-preview":"max-image-preview:large","max-video-preview":"max-video-preview:-1"},"canonical":"https:\/\/solosonimport.com\/index.php\/lineas-de-negocios\/","og_locale":"es_ES","og_type":"article","og_title":"Lineas de negocios - Soloson Import","og_description":"MOTOCICLETAS VER M\u00c1S AGR\u00cdCOLA VER M\u00c1S N\u00c1UTICA VER M\u00c1S AUTOM\u00d3VIL VER M\u00c1S","og_url":"https:\/\/solosonimport.com\/index.php\/lineas-de-negocios\/","og_site_name":"Soloson Import","article_modified_time":"2026-01-30T14:23:31+00:00","twitter_card":"summary_large_image","twitter_misc":{"Tiempo estimado de lectura":"1 minuto"},"schema":{"@context":"https:\/\/schema.org","@graph":[{"@type":"WebPage","@id":"https:\/\/solosonimport.com\/index.php\/lineas-de-negocios\/","url":"https:\/\/solosonimport.com\/index.php\/lineas-de-negocios\/","name":"Lineas de negocios - Soloson Import","isPartOf":{"@id":"https:\/\/solosonimport.com\/#website"},"datePublished":"2023-09-04T04:47:10+00:00","dateModified":"2026-01-30T14:23:31+00:00","breadcrumb":{"@id":"https:\/\/solosonimport.com\/index.php\/lineas-de-negocios\/#breadcrumb"},"inLanguage":"es","potentialAction":[{"@type":"ReadAction","target":["https:\/\/solosonimport.com\/index.php\/lineas-de-negocios\/"]}]},{"@type":"BreadcrumbList","@id":"https:\/\/solosonimport.com\/index.php\/lineas-de-negocios\/#breadcrumb","itemListElement":[{"@type":"ListItem","position":1,"name":"Portada","item":"https:\/\/solosonimport.com\/"},{"@type":"ListItem","position":2,"name":"Lineas de negocios"}]},{"@type":"WebSite","@id":"https:\/\/solosonimport.com\/#website","url":"https:\/\/solosonimport.com\/","name":"Soloson Import","description":"","publisher":{"@id":"https:\/\/solosonimport.com\/#organization"},"potentialAction":[{"@type":"SearchAction","target":{"@type":"EntryPoint","urlTemplate":"https:\/\/solosonimport.com\/?s={search_term_string}"},"query-input":{"@type":"PropertyValueSpecification","valueRequired":true,"valueName":"search_term_string"}}],"inLanguage":"es"},{"@type":"Organization","@id":"https:\/\/solosonimport.com\/#organization","name":"Soloson Import","url":"https:\/\/solosonimport.com\/","logo":{"@type":"ImageObject","inLanguage":"es","@id":"https:\/\/solosonimport.com\/#\/schema\/logo\/image\/","url":"https:\/\/solosonimport.com\/wp-content\/uploads\/2026\/01\/SOLOSON-scaled.webp","contentUrl":"https:\/\/solosonimport.com\/wp-content\/uploads\/2026\/01\/SOLOSON-scaled.webp","width":2560,"height":1152,"caption":"Soloson Import"},"image":{"@id":"https:\/\/solosonimport.com\/#\/schema\/logo\/image\/"}}]}},"_links":{"self":[{"href":"https:\/\/solosonimport.com\/index.php\/wp-json\/wp\/v2\/pages\/41","targetHints":{"allow":["GET"]}}],"collection":[{"href":"https:\/\/solosonimport.com\/index.php\/wp-json\/wp\/v2\/pages"}],"about":[{"href":"https:\/\/solosonimport.com\/index.php\/wp-json\/wp\/v2\/types\/page"}],"author":[{"embeddable":true,"href":"https:\/\/solosonimport.com\/index.php\/wp-json\/wp\/v2\/users\/1"}],"replies":[{"embeddable":true,"href":"https:\/\/solosonimport.com\/index.php\/wp-json\/wp\/v2\/comments?post=41"}],"version-history":[{"count":47,"href":"https:\/\/solosonimport.com\/index.php\/wp-json\/wp\/v2\/pages\/41\/revisions"}],"predecessor-version":[{"id":3694,"href":"https:\/\/solosonimport.com\/index.php\/wp-json\/wp\/v2\/pages\/41\/revisions\/3694"}],"wp:attachment":[{"href":"https:\/\/solosonimport.com\/index.php\/wp-json\/wp\/v2\/media?parent=41"}],"curies":[{"name":"wp","href":"https:\/\/api.w.org\/{rel}","templated":true}]}}